{"id":12,"date":"2014-11-09T14:05:26","date_gmt":"2014-11-09T12:05:26","guid":{"rendered":"http:\/\/expressschulung.de\/?page_id=12"},"modified":"2024-09-19T17:23:11","modified_gmt":"2024-09-19T15:23:11","slug":"ausstellung","status":"publish","type":"page","link":"https:\/\/www.fliesen-maierbacher.de\/?page_id=12","title":{"rendered":"Ausstellung"},"content":{"rendered":"\n<p>Nach gelungenem Umbau der vorhandenen Geb\u00e4ude er\u00f6ffneten wir im April 2008 unsere eigene Fliesenausstellung, an die sich Lager und B\u00fcro anschlie\u00dfen.<\/p>\n\n\n\n<p>Wir freuen uns Ihnen damit einen weiteren Service anbieten zu k\u00f6nnen. Gerne k\u00f6nnen Sie telefonisch einen Termin zur Planung und Beratung vereinbaren. <a title=\"Kontakt\" href=\"http:\/\/expressschulung.de\/?page_id=10\">Kontaktieren Sie uns!<\/a><\/p>\n\n\n\n<figure class=\"wp-block-gallery has-nested-images columns-3 is-cropped wp-block-gallery-1 is-layout-flex wp-block-gallery-is-layout-flex\">\n<figure class=\"wp-block-image size-large\"><a href=\"https:\/\/www.fliesen-maierbacher.de\/wp-content\/uploads\/2014\/11\/2017_Ausstellung_01.jpg\"><img loading=\"lazy\" decoding=\"async\" width=\"1024\" height=\"768\" data-id=\"308\" src=\"https:\/\/www.fliesen-maierbacher.de\/wp-content\/uploads\/2014\/11\/2017_Ausstellung_01-1024x768.jpg\" alt=\"\" class=\"wp-image-308\" srcset=\"https:\/\/www.fliesen-maierbacher.de\/wp-content\/uploads\/2014\/11\/2017_Ausstellung_01.jpg 1024w, https:\/\/www.fliesen-maierbacher.de\/wp-content\/uploads\/2014\/11\/2017_Ausstellung_01-300x225.jpg 300w, https:\/\/www.fliesen-maierbacher.de\/wp-content\/uploads\/2014\/11\/2017_Ausstellung_01-768x576.jpg 768w\" sizes=\"auto, (max-width: 1024px) 100vw, 1024px\" \/><\/a><\/figure>\n\n\n\n<figure class=\"wp-block-image size-large\"><a href=\"https:\/\/www.fliesen-maierbacher.de\/wp-content\/uploads\/2014\/11\/Ausstellung41.jpg\"><img loading=\"lazy\" decoding=\"async\" width=\"1024\" height=\"768\" data-id=\"186\" src=\"https:\/\/www.fliesen-maierbacher.de\/wp-content\/uploads\/2014\/11\/Ausstellung41-1024x768.jpg\" alt=\"\" class=\"wp-image-186\" srcset=\"https:\/\/www.fliesen-maierbacher.de\/wp-content\/uploads\/2014\/11\/Ausstellung41.jpg 1024w, https:\/\/www.fliesen-maierbacher.de\/wp-content\/uploads\/2014\/11\/Ausstellung41-300x225.jpg 300w\" sizes=\"auto, (max-width: 1024px) 100vw, 1024px\" \/><\/a><\/figure>\n\n\n\n<figure class=\"wp-block-image size-large\"><a href=\"https:\/\/www.fliesen-maierbacher.de\/wp-content\/uploads\/2014\/11\/2017_Ausstellung_02.jpg\"><img loading=\"lazy\" decoding=\"async\" width=\"1024\" height=\"768\" data-id=\"309\" src=\"https:\/\/www.fliesen-maierbacher.de\/wp-content\/uploads\/2014\/11\/2017_Ausstellung_02-1024x768.jpg\" alt=\"\" class=\"wp-image-309\" srcset=\"https:\/\/www.fliesen-maierbacher.de\/wp-content\/uploads\/2014\/11\/2017_Ausstellung_02.jpg 1024w, https:\/\/www.fliesen-maierbacher.de\/wp-content\/uploads\/2014\/11\/2017_Ausstellung_02-300x225.jpg 300w, https:\/\/www.fliesen-maierbacher.de\/wp-content\/uploads\/2014\/11\/2017_Ausstellung_02-768x576.jpg 768w\" sizes=\"auto, (max-width: 1024px) 100vw, 1024px\" \/><\/a><\/figure>\n<\/figure>\n\n\n\n<p>Die Ausstellung zeigt, wie die unterschiedlichen Matrialien perfekt kombiniert werden.<\/p>\n\n\n\n<p>Fliesen Maierbacher hilft bei der Raumaufteilung und Auswahl der Materialien<\/p>\n","protected":false},"excerpt":{"rendered":"<p>Nach gelungenem Umbau der vorhandenen Geb\u00e4ude er\u00f6ffneten wir im April 2008 unsere eigene Fliesenausstellung, an die sich Lager und B\u00fcro anschlie\u00dfen. Wir freuen uns Ihnen damit einen weiteren Service anbieten zu k\u00f6nnen. Gerne k\u00f6nnen Sie telefonisch einen Termin zur Planung<\/p>\n","protected":false},"author":1,"featured_media":92,"parent":0,"menu_order":30,"comment_status":"closed","ping_status":"closed","template":"","meta":{"jetpack_post_was_ever_published":false,"footnotes":""},"class_list":["post-12","page","type-page","status-publish","has-post-thumbnail","hentry"],"jetpack_sharing_enabled":true,"jetpack_shortlink":"https:\/\/wp.me\/P8yymB-c","_links":{"self":[{"href":"https:\/\/www.fliesen-maierbacher.de\/index.php?rest_route=\/wp\/v2\/pages\/12","targetHints":{"allow":["GET"]}}],"collection":[{"href":"https:\/\/www.fliesen-maierbacher.de\/index.php?rest_route=\/wp\/v2\/pages"}],"about":[{"href":"https:\/\/www.fliesen-maierbacher.de\/index.php?rest_route=\/wp\/v2\/types\/page"}],"author":[{"embeddable":true,"href":"https:\/\/www.fliesen-maierbacher.de\/index.php?rest_route=\/wp\/v2\/users\/1"}],"replies":[{"embeddable":true,"href":"https:\/\/www.fliesen-maierbacher.de\/index.php?rest_route=%2Fwp%2Fv2%2Fcomments&post=12"}],"version-history":[{"count":24,"href":"https:\/\/www.fliesen-maierbacher.de\/index.php?rest_route=\/wp\/v2\/pages\/12\/revisions"}],"predecessor-version":[{"id":429,"href":"https:\/\/www.fliesen-maierbacher.de\/index.php?rest_route=\/wp\/v2\/pages\/12\/revisions\/429"}],"wp:featuredmedia":[{"embeddable":true,"href":"https:\/\/www.fliesen-maierbacher.de\/index.php?rest_route=\/wp\/v2\/media\/92"}],"wp:attachment":[{"href":"https:\/\/www.fliesen-maierbacher.de\/index.php?rest_route=%2Fwp%2Fv2%2Fmedia&parent=12"}],"curies":[{"name":"wp","href":"https:\/\/api.w.org\/{rel}","templated":true}]}}